{"id":59,"date":"2024-07-15T22:17:25","date_gmt":"2024-07-15T20:17:25","guid":{"rendered":"https:\/\/kirizaki.it\/?page_id=59"},"modified":"2024-07-22T21:26:19","modified_gmt":"2024-07-22T19:26:19","slug":"eventi","status":"publish","type":"page","link":"https:\/\/kirizaki.it\/index.php\/eventi\/","title":{"rendered":"Eventi"},"content":{"rendered":"\n<p>A Marzo 2024 si \u00e8 tenuto il primo Tour italiano della &#8220;<em>Kirizaki Japanese Classical Dance Academy &amp; Associates<\/em>&#8220;.<\/p>\n\n\n\n<p>Il Tour si \u00e8 svolto grazie al Patrocinio dell&#8217;<a href=\"https:\/\/www.artscouncil-tokyo.jp\/en\/\">Arts Council di T\u014dky\u014d<\/a>, del <a href=\"https:\/\/www.milano.it.emb-japan.go.jp\/itprtop_ja\/index.html\" data-type=\"link\" data-id=\"https:\/\/www.milano.it.emb-japan.go.jp\/itprtop_ja\/index.html\">Consolato Generale del Giappone a Milano<\/a>, del <a href=\"https:\/\/www.comune.laspezia.it\" data-type=\"link\" data-id=\"https:\/\/www.comune.laspezia.it\">Comune della Spezia<\/a> e dell&#8217;<a href=\"https:\/\/www.aikikai.it\" data-type=\"link\" data-id=\"https:\/\/www.aikikai.it\">Aikikai d&#8217;Italia<\/a>.<\/p>\n\n\n\n<p>L&#8217;Evento, itinerante in diverse citt\u00e0 del Bel Paese, ha toccato Roma, Firenze, La Spezia e Sondrio ove, le bravissime artiste, sono state accolte con grande curiosit\u00e0, passione e affetto dal nostro pubblico.<\/p>\n\n\n\n<p>Per l&#8217;occasione la <em>Kirizaki Japanese Classical Dance Academy &amp; Associates<\/em> \u00e8 stata ospite di &#8220;Universit\u00e0 Roma la Sapienza&#8221;, &#8220;<a href=\"https:\/\/www.elis.org\" data-type=\"link\" data-id=\"https:\/\/www.elis.org\">Scuola Sportiva ELIS<\/a>&#8220;, &#8220;Universit\u00e0 degli Studi di Firenze&#8221;, &#8220;<a href=\"http:\/\/www.dojonippon.it\" data-type=\"link\" data-id=\"http:\/\/www.dojonippon.it\">Centro Studi Aikido Dojo Nippon<\/a>&#8221; e &#8220;<a href=\"https:\/\/www.corovocisospese.it\" data-type=\"link\" data-id=\"https:\/\/www.corovocisospese.it\">Associazione Coro Voci Sospese<\/a>&#8220;.<\/p>\n\n\n\n<p>Il nostro team italiano ha supportato attivamente le varie fasi del processo organizzativo fungendo da operatori logistici e di collegamento, contribuendo ad un brillante scambio culturale ed all&#8217;ottima riuscita del Tour.<\/p>\n\n\n\n<p>Da questa esperienza nasce la volont\u00e0 dei Soci Fondatori, di voler costituire la nascente &#8220;Associazione Culturale Kirizaki&#8221;, processo ancora in corso d&#8217;opera e che speriamo possa concretarsi entro i prossimi mesi.<\/p>\n\n\n\n<p>Nel mentre, il nostro affiatato team, sta gi\u00e0 guardando al futuro, continuate a seguirci per rimanere aggiornati sui prossimi eventi.<\/p>\n","protected":false},"excerpt":{"rendered":"<p>A Marzo 2024 si \u00e8 tenuto il primo Tour italiano della &#8220;Kirizaki Japanese Classical Dance Academy &amp; Associates&#8220;. Il Tour si \u00e8 svolto grazie al Patrocinio dell&#8217;Arts Council di T\u014dky\u014d, del Consolato Generale del Giappone a Milano, del Comune della Spezia e dell&#8217;Aikikai d&#8217;Italia. L&#8217;Evento, itinerante in diverse citt\u00e0 del Bel Paese, ha toccato Roma, [&hellip;]<\/p>\n","protected":false},"author":1,"featured_media":0,"parent":0,"menu_order":0,"comment_status":"closed","ping_status":"closed","template":"","meta":{"footnotes":""},"class_list":["post-59","page","type-page","status-publish","hentry"],"_links":{"self":[{"href":"https:\/\/kirizaki.it\/index.php\/wp-json\/wp\/v2\/pages\/59","targetHints":{"allow":["GET"]}}],"collection":[{"href":"https:\/\/kirizaki.it\/index.php\/wp-json\/wp\/v2\/pages"}],"about":[{"href":"https:\/\/kirizaki.it\/index.php\/wp-json\/wp\/v2\/types\/page"}],"author":[{"embeddable":true,"href":"https:\/\/kirizaki.it\/index.php\/wp-json\/wp\/v2\/users\/1"}],"replies":[{"embeddable":true,"href":"https:\/\/kirizaki.it\/index.php\/wp-json\/wp\/v2\/comments?post=59"}],"version-history":[{"count":4,"href":"https:\/\/kirizaki.it\/index.php\/wp-json\/wp\/v2\/pages\/59\/revisions"}],"predecessor-version":[{"id":125,"href":"https:\/\/kirizaki.it\/index.php\/wp-json\/wp\/v2\/pages\/59\/revisions\/125"}],"wp:attachment":[{"href":"https:\/\/kirizaki.it\/index.php\/wp-json\/wp\/v2\/media?parent=59"}],"curies":[{"name":"wp","href":"https:\/\/api.w.org\/{rel}","templated":true}]}}