{"id":569,"date":"2025-12-15T22:10:10","date_gmt":"2025-12-15T21:10:10","guid":{"rendered":"https:\/\/kirizaki.it\/?page_id=569"},"modified":"2026-03-09T21:56:24","modified_gmt":"2026-03-09T20:56:24","slug":"iscrizioni","status":"publish","type":"page","link":"https:\/\/kirizaki.it\/index.php\/iscrizioni\/","title":{"rendered":"Iscrizioni"},"content":{"rendered":"\n<p>Caro visitatore, l&#8217;Associazione Culturale Kirizaki \u00e8 lieta di darti il benvenuto nel portale dedicato alle Iscrizioni.<\/p>\n\n\n\n<p>Per poter realizzare le nostre attivit\u00e0 \u00e8 necessario il sostegno e l&#8217;aiuto di tutta la base sociale.<\/p>\n\n\n\n<p>Le tue competenze, unite a quelle degli altri, possono davvero fare la differenza nella diffusione della cultura tradizionale giapponese e della danza Zashiki-Mai in Italia ed in Europa.<\/p>\n\n\n\n<p>Per associarti \u00e8 necessario, anzitutto, prendere visione dello <strong>Statuto<\/strong> e del <strong>Regolamento<\/strong> dell&#8217;Associazione visionabili <a href=\"https:\/\/kirizaki.it\/index.php\/chi-siamo\/documenti\/\" data-type=\"page\" data-id=\"160\">qui<\/a>.<\/p>\n\n\n\n<p>Per presentare domanda di iscrizione, occorre compilare e firmare i seguenti moduli che dovranno esserci restituiti via mail, PEC o raccomandata. <\/p>\n\n\n\n<p><strong>Mod. 01 &#8211; Domanda di Iscrizione<\/strong><\/p>\n\n\n\n<div data-wp-interactive=\"core\/file\" class=\"wp-block-file\"><object data-wp-bind--hidden=\"!state.hasPdfPreview\" hidden class=\"wp-block-file__embed\" data=\"https:\/\/kirizaki.it\/wp-content\/uploads\/2026\/02\/Mod-01-Rev-02_2026.pdf\" type=\"application\/pdf\" style=\"width:100%;height:600px\" aria-label=\"Incorporamento di Mod 01 - Rev 02_2026.\"><\/object><a id=\"wp-block-file--media-ab5fb5c2-efa5-4b07-a95a-44ff581e0a10\" href=\"https:\/\/kirizaki.it\/wp-content\/uploads\/2026\/02\/Mod-01-Rev-02_2026.pdf\">Mod 01 &#8211; Rev 02_2026<\/a><a href=\"https:\/\/kirizaki.it\/wp-content\/uploads\/2026\/02\/Mod-01-Rev-02_2026.pdf\" class=\"wp-block-file__button wp-element-button\" download aria-describedby=\"wp-block-file--media-ab5fb5c2-efa5-4b07-a95a-44ff581e0a10\">Download<\/a><\/div>\n\n\n\n<p><strong>Mod. 02 &#8211; Modulo Trattamento Dati Personali<\/strong><\/p>\n\n\n\n<div data-wp-interactive=\"core\/file\" class=\"wp-block-file\"><object data-wp-bind--hidden=\"!state.hasPdfPreview\" hidden class=\"wp-block-file__embed\" data=\"https:\/\/kirizaki.it\/wp-content\/uploads\/2026\/02\/Mod-02-Rev-02_2026.pdf\" type=\"application\/pdf\" style=\"width:100%;height:600px\" aria-label=\"Incorporamento di Mod 02 - Rev 02_2026.\"><\/object><a id=\"wp-block-file--media-478ded79-d6db-4219-a2c8-16a631d7e676\" href=\"https:\/\/kirizaki.it\/wp-content\/uploads\/2026\/02\/Mod-02-Rev-02_2026.pdf\">Mod 02 &#8211; Rev 02_2026<\/a><a href=\"https:\/\/kirizaki.it\/wp-content\/uploads\/2026\/02\/Mod-02-Rev-02_2026.pdf\" class=\"wp-block-file__button wp-element-button\" download aria-describedby=\"wp-block-file--media-478ded79-d6db-4219-a2c8-16a631d7e676\">Download<\/a><\/div>\n\n\n\n<p>Una volta esaminata la richiesta, verrai informato dal Direttivo sull&#8217;eventuale ammissione; solo in questo caso ti daremo istruzione di procedere al versamento della quota che, per l&#8217;<strong>Anno Sociale 2026<\/strong>, \u00e8 fissata in Euro 5,00\/mese ovvero Euro 60,00 una tantum.<\/p>\n\n\n\n<p>Se desideri ottenere maggiori informazioni sulle modalit\u00e0 di iscrizione, non esitare a contattarci via mail.<\/p>\n\n\n\n<p>Se ritieni di poter far pervenire il tuo sostegno in altro modo, <a href=\"https:\/\/kirizaki.it\/index.php\/contatti\/\" data-type=\"link\" data-id=\"https:\/\/kirizaki.it\/index.php\/contatti\/\">scrivici<\/a>, saremo lieti di valutare la tua proposta.<\/p>\n\n\n\n<p>Se desideri sostenerci economicamente, ti invitiamo a visitare la pagina dedicata alle <a href=\"https:\/\/kirizaki.it\/index.php\/sostienici\/\" data-type=\"link\" data-id=\"https:\/\/kirizaki.it\/index.php\/sostienici\/\">donazioni<\/a>.<\/p>\n\n\n\n<p>Nell&#8217;attesa di accogliere i nuovi soci, desideriamo ringraziare quanti ci hanno sostenuto nel corso dell&#8217;anno sociale 2025.<\/p>\n","protected":false},"excerpt":{"rendered":"<p>Caro visitatore, l&#8217;Associazione Culturale Kirizaki \u00e8 lieta di darti il benvenuto nel portale dedicato alle Iscrizioni. Per poter realizzare le nostre attivit\u00e0 \u00e8 necessario il sostegno e l&#8217;aiuto di tutta la base sociale. Le tue competenze, unite a quelle degli altri, possono davvero fare la differenza nella diffusione della cultura tradizionale giapponese e della danza [&hellip;]<\/p>\n","protected":false},"author":1,"featured_media":0,"parent":0,"menu_order":0,"comment_status":"closed","ping_status":"closed","template":"","meta":{"footnotes":""},"class_list":["post-569","page","type-page","status-publish","hentry"],"_links":{"self":[{"href":"https:\/\/kirizaki.it\/index.php\/wp-json\/wp\/v2\/pages\/569","targetHints":{"allow":["GET"]}}],"collection":[{"href":"https:\/\/kirizaki.it\/index.php\/wp-json\/wp\/v2\/pages"}],"about":[{"href":"https:\/\/kirizaki.it\/index.php\/wp-json\/wp\/v2\/types\/page"}],"author":[{"embeddable":true,"href":"https:\/\/kirizaki.it\/index.php\/wp-json\/wp\/v2\/users\/1"}],"replies":[{"embeddable":true,"href":"https:\/\/kirizaki.it\/index.php\/wp-json\/wp\/v2\/comments?post=569"}],"version-history":[{"count":7,"href":"https:\/\/kirizaki.it\/index.php\/wp-json\/wp\/v2\/pages\/569\/revisions"}],"predecessor-version":[{"id":669,"href":"https:\/\/kirizaki.it\/index.php\/wp-json\/wp\/v2\/pages\/569\/revisions\/669"}],"wp:attachment":[{"href":"https:\/\/kirizaki.it\/index.php\/wp-json\/wp\/v2\/media?parent=569"}],"curies":[{"name":"wp","href":"https:\/\/api.w.org\/{rel}","templated":true}]}}