{"id":476,"date":"2025-03-10T21:31:20","date_gmt":"2025-03-10T20:31:20","guid":{"rendered":"https:\/\/kirizaki.it\/?page_id=476"},"modified":"2025-12-14T14:31:55","modified_gmt":"2025-12-14T13:31:55","slug":"codice-etico","status":"publish","type":"page","link":"https:\/\/kirizaki.it\/index.php\/codice-etico\/","title":{"rendered":"Codice Etico"},"content":{"rendered":"\n<figure class=\"wp-block-image aligncenter size-large is-resized\"><img loading=\"lazy\" decoding=\"async\" width=\"1024\" height=\"1010\" src=\"https:\/\/kirizaki.it\/wp-content\/uploads\/2025\/02\/logo_colore-round-1-1024x1010.png\" alt=\"\" class=\"wp-image-432\" style=\"width:162px;height:auto\" srcset=\"https:\/\/kirizaki.it\/wp-content\/uploads\/2025\/02\/logo_colore-round-1-1024x1010.png 1024w, https:\/\/kirizaki.it\/wp-content\/uploads\/2025\/02\/logo_colore-round-1-300x296.png 300w, https:\/\/kirizaki.it\/wp-content\/uploads\/2025\/02\/logo_colore-round-1-768x758.png 768w, https:\/\/kirizaki.it\/wp-content\/uploads\/2025\/02\/logo_colore-round-1-1536x1515.png 1536w\" sizes=\"auto, (max-width: 1024px) 100vw, 1024px\" \/><\/figure>\n\n\n\n<p>Visto l\u2019alto profilo istituzionale di codesta Associazione, i Soci sono tenuti a mantenere un comportamento consono; atteggiamenti contrari alla morale, al rispetto, all\u2019educazione, all\u2019eleganza ed al decoro, non potranno in alcun modo essere tollerati.<\/p>\n\n\n\n<p>I Soci sono tenuti ad osservare e, per quanto di propria competenza, a fare osservare, i principi contenuti nel presente Codice Etico, ispirato alla filosofia tradizionale giapponese ed improntato alla massima correttezza e trasparenza per preservare l\u2019immagine e la reputazione dell\u2019Associazione assicurando nel contempo un approccio etico alle attivit\u00e0 svolte.<\/p>\n\n\n\n<p><strong>\u7fa9<\/strong><strong>, Gi: Onest\u00e0 e Giustizia<\/strong>: i Soci devono agire correttamente al fine di evitare situazioni di conflitto d\u2019interessi, intendendosi per tali, genericamente, tutte le situazioni in cui il perseguimento del proprio interesse sia in contrasto con gli interessi e gli scopi dell\u2019Associazione.&nbsp;<\/p>\n\n\n\n<p>Sono, inoltre, da evitare situazioni attraverso le quali un Socio o altro destinatario possano trarre vantaggio indebito e\/o un profitto indebito da opportunit\u00e0 conosciute durante ed in ragione dello svolgimento delle attivit\u00e0 sociali.<\/p>\n\n\n\n<p><strong>\u793c<\/strong><strong>, Rei: Gentile Cortesia<\/strong>: l\u2019Associazione Culturale Kirizaki disconosce e ripudia ogni principio di discriminazione basato sul sesso, sul genere, sull\u2019etnia, sulla nazionalit\u00e0, sulla religione, sulle opinioni personali e politiche, sull\u2019et\u00e0, sulla salute e sulle condizioni economiche dei propri interlocutori, ivi inclusi i propri fornitori. I Soci si impegnano a promuovere comportamenti non discriminatori e, qualora ritenessero di aver subito o assistito ad atti discriminatori possono riferire l\u2019accaduto all\u2019indirizzo <a href=\"mailto:segnalazioni@kirizaki.it\">segnalazioni@kirizaki.it<\/a><\/p>\n\n\n\n<p><strong>\u52c7<\/strong><strong>, Yu: Eroico Coraggio<\/strong>: i Soci devono orientare la propria condotta, nei limiti delle rispettive competenze e responsabilit\u00e0, al perseguimento della <em>mission <\/em>di codesta Associazione, volta a fornire un servizio di alto valore culturale alla collettivit\u00e0, la quale deve beneficiare dei migliori standard.<\/p>\n\n\n\n<p>In ogni attivit\u00e0 deve essere perseguita l\u2019economicit\u00e0 della gestione e dell\u2019impiego delle risorse di cui dispone l\u2019Associazione, nel rispetto degli standard qualitativi pi\u00f9 elevati.<\/p>\n\n\n\n<p><strong>\u8aa0<\/strong><strong>, Makoto: Completa sincerit\u00e0<\/strong>: onest\u00e0 e trasparenza rappresentano i principi fondamentali per tutte le attivit\u00e0, le iniziative, i rendiconti e le comunicazioni, costituendo elemento essenziale della gestione dell\u2019Associazione e del normale svolgimento della vita sociale.<\/p>\n\n\n\n<p><strong>\u540d\u8a89<\/strong><strong>, Meiyo: Onore<\/strong>: L\u2019Associazione Culturale Kirizaki persegue l\u2019obiettivo della massima integrit\u00e0 e correttezza nei rapporti, anche contrattuali, con le istituzioni pubbliche ed in generale con la Pubblica Amministrazione, al fine di garantire la massima chiarezza nei rapporti istituzionali, in armonia con l\u2019esigenza d\u2019autonomia organizzativa e gestionale propria di qualsiasi ente. I rapporti con gli interlocutori istituzionali sono mantenuti esclusivamente tramite i soggetti a ci\u00f2 deputati.&nbsp;<\/p>\n\n\n\n<p>L\u2019Associazione Culturale Kirizaki, persegue, altres\u00ec, l\u2019obiettivo della massima integrit\u00e0 e correttezza nei rapporti, anche contrattuali, con le istituzioni pubbliche internazionali; al fine di garantire la massima chiarezza nei rapporti istituzionali gli stessi saranno curati esclusivamente tramite i soggetti a ci\u00f2 deputati.<\/p>\n\n\n\n<p><strong>\u5fe0\u7fa9<\/strong><strong>, Chugi: Dovere e Lealt\u00e0<\/strong>: L\u2019Associazione non approva n\u00e9 giustifica alcuna azione di violenza o minaccia finalizzata alla messa in opera di comportamenti contrari alla normativa vigente, ivi inclusa quella del presente Codice Etico.<\/p>\n\n\n\n<p><strong>\u4ec1<\/strong><strong>, Jin: Compassione<\/strong>: l\u2019Associazione Culturale Kirizaki riconosce l\u2019esigenza di tutelare la libert\u00e0 individuale in tutte le sue forme e ripudia ogni manifestazione di violenza e\/o discriminazione, soprattutto se volta a limitare la libert\u00e0 personale, nonch\u00e9 ogni fenomeno di molestia, prostituzione e\/o pornografia minorile. L\u2019Associazione s\u2019impegna a promuovere, nell\u2019ambito della propria attivit\u00e0 e tra i Soci, la condivisione dei medesimi principi.<\/p>\n\n\n\n<p><strong>Tutela della Privacy<\/strong>: l\u2019Associazione Culturale Kirizaki s\u2019impegna a tutelare la Privacy dei Soci, nel rispetto della normativa vigente, nell\u2019ottica di evitare la comunicazione o la diffusione di dati personali in assenza del consenso dell\u2019interessato. L\u2019acquisizione ed il trattamento, nonch\u00e9 la conservazione delle informazioni e dei dati personali dei Soci e degli altri soggetti di cui l\u2019Associazione disponga, avvengono nel rispetto di specifiche procedure volte a garantire che persone e\/o enti non autorizzati non possano venirne a conoscenza. Tali procedure sono conformi alle normative vigenti.<\/p>\n\n\n\n<p><strong>Tutela Ambientale<\/strong>: I movimenti che caratterizzano la danza Zashiki-Mai sono stati sviluppati dagli antichi giapponesi nel corso dei secoli, adattandoli traendo spunto dalla peculiare conformazione del territorio giapponese; l\u2019Associazione Culturale Kirizaki \u00e8 dunque consapevole dell\u2019importanza di prendersi cura dell\u2019ambiente per poterlo preservare e consegnare alle generazioni future.<\/p>\n\n\n\n<p>Per questa ragione ci impegneremo, ciascuno secondo le proprie responsabilit\u00e0, a monitorare il nostro impatto ambientale ed individuare scelte sostenibili.<\/p>\n\n\n\n<p><strong>Tutela della salute e della sicurezza<\/strong>: L\u2019Associazione Culturale Kirizaki persegue con il massimo impegno l\u2019obiettivo di garantire la salute e la sicurezza dei Soci, nonch\u00e9 il rispetto dell\u2019ambiente.<br>A tale proposito, si adottano le misure pi\u00f9 opportune per evitare gli eventuali rischi riconducibili allo svolgimento della propria attivit\u00e0 e, ove ci\u00f2 non sia possibile, l\u2019impiego dei mezzi pi\u00f9 idonei per contrastarli direttamente alla fonte e\/o garantirne l\u2019eliminazione.<\/p>\n\n\n\n<p>La Spezia <br>10\/03\/2025<\/p>\n","protected":false},"excerpt":{"rendered":"<p>Visto l\u2019alto profilo istituzionale di codesta Associazione, i Soci sono tenuti a mantenere un comportamento consono; atteggiamenti contrari alla morale, al rispetto, all\u2019educazione, all\u2019eleganza ed al decoro, non potranno in alcun modo essere tollerati. I Soci sono tenuti ad osservare e, per quanto di propria competenza, a fare osservare, i principi contenuti nel presente Codice [&hellip;]<\/p>\n","protected":false},"author":1,"featured_media":0,"parent":0,"menu_order":0,"comment_status":"closed","ping_status":"closed","template":"","meta":{"footnotes":""},"class_list":["post-476","page","type-page","status-publish","hentry"],"_links":{"self":[{"href":"https:\/\/kirizaki.it\/index.php\/wp-json\/wp\/v2\/pages\/476","targetHints":{"allow":["GET"]}}],"collection":[{"href":"https:\/\/kirizaki.it\/index.php\/wp-json\/wp\/v2\/pages"}],"about":[{"href":"https:\/\/kirizaki.it\/index.php\/wp-json\/wp\/v2\/types\/page"}],"author":[{"embeddable":true,"href":"https:\/\/kirizaki.it\/index.php\/wp-json\/wp\/v2\/users\/1"}],"replies":[{"embeddable":true,"href":"https:\/\/kirizaki.it\/index.php\/wp-json\/wp\/v2\/comments?post=476"}],"version-history":[{"count":2,"href":"https:\/\/kirizaki.it\/index.php\/wp-json\/wp\/v2\/pages\/476\/revisions"}],"predecessor-version":[{"id":568,"href":"https:\/\/kirizaki.it\/index.php\/wp-json\/wp\/v2\/pages\/476\/revisions\/568"}],"wp:attachment":[{"href":"https:\/\/kirizaki.it\/index.php\/wp-json\/wp\/v2\/media?parent=476"}],"curies":[{"name":"wp","href":"https:\/\/api.w.org\/{rel}","templated":true}]}}