{"id":2,"date":"2024-07-14T22:17:37","date_gmt":"2024-07-14T20:17:37","guid":{"rendered":"http:\/\/kirizaki.it\/?page_id=2"},"modified":"2025-02-05T21:08:03","modified_gmt":"2025-02-05T20:08:03","slug":"storia-italiana","status":"publish","type":"page","link":"https:\/\/kirizaki.it\/index.php\/storia-italiana\/","title":{"rendered":"La nostra avventura"},"content":{"rendered":"\n<p>La nostra storia inizia sabato 26 luglio 2014. <br>Era una giornata decisamente afosa, il sole picchiava gagliardo quando, appena terminato il lavoro, sulla via del ritorno, qualcosa in lontananza colp\u00ec la mia attenzione.<\/p>\n\n\n\n<figure class=\"wp-block-image size-large\"><img loading=\"lazy\" decoding=\"async\" width=\"1024\" height=\"768\" src=\"https:\/\/kirizaki.it\/wp-content\/uploads\/2025\/01\/IMG_8585-1024x768.jpg\" alt=\"\" class=\"wp-image-229\" srcset=\"https:\/\/kirizaki.it\/wp-content\/uploads\/2025\/01\/IMG_8585-1024x768.jpg 1024w, https:\/\/kirizaki.it\/wp-content\/uploads\/2025\/01\/IMG_8585-300x225.jpg 300w, https:\/\/kirizaki.it\/wp-content\/uploads\/2025\/01\/IMG_8585-768x576.jpg 768w, https:\/\/kirizaki.it\/wp-content\/uploads\/2025\/01\/IMG_8585-1536x1152.jpg 1536w, https:\/\/kirizaki.it\/wp-content\/uploads\/2025\/01\/IMG_8585-2048x1536.jpg 2048w\" sizes=\"auto, (max-width: 1024px) 100vw, 1024px\" \/><\/figure>\n\n\n\n<p>Rallentai gradatamente e, man mano che mi avvicinavo, notai un gruppo di persone che, con passo rapido, si affrettavano sotto il sole cocente lungo strade deserte.<\/p>\n\n\n\n<p>Impietosito mi fermai e, da allora, la mia e la nostra vita non fu pi\u00f9 la stessa.<\/p>\n\n\n\n<blockquote class=\"wp-block-quote is-layout-flow wp-block-quote-is-layout-flow\">\n<p>Aprile 2015, T\u014dky\u014d, i ciliegi stavano gi\u00e0 appassendo, fioriva un&#8217;amicizia, un ponte tra culture, un legame inciso nel tempo..<\/p>\n<\/blockquote>\n\n\n\n<figure class=\"wp-block-gallery has-nested-images columns-default is-cropped wp-block-gallery-1 is-layout-flex wp-block-gallery-is-layout-flex\">\n<figure class=\"wp-block-image size-large\"><img loading=\"lazy\" decoding=\"async\" width=\"528\" height=\"960\" data-id=\"230\" src=\"https:\/\/kirizaki.it\/wp-content\/uploads\/2025\/01\/460416887_3872761509635808_5285943794336838518_n.jpg\" alt=\"\" class=\"wp-image-230\" srcset=\"https:\/\/kirizaki.it\/wp-content\/uploads\/2025\/01\/460416887_3872761509635808_5285943794336838518_n.jpg 528w, https:\/\/kirizaki.it\/wp-content\/uploads\/2025\/01\/460416887_3872761509635808_5285943794336838518_n-165x300.jpg 165w\" sizes=\"auto, (max-width: 528px) 100vw, 528px\" \/><\/figure>\n\n\n\n<figure class=\"wp-block-image size-large\"><img loading=\"lazy\" decoding=\"async\" width=\"528\" height=\"960\" data-id=\"231\" src=\"https:\/\/kirizaki.it\/wp-content\/uploads\/2025\/01\/460645197_3872761496302476_5921972018284429999_n.jpg\" alt=\"\" class=\"wp-image-231\" srcset=\"https:\/\/kirizaki.it\/wp-content\/uploads\/2025\/01\/460645197_3872761496302476_5921972018284429999_n.jpg 528w, https:\/\/kirizaki.it\/wp-content\/uploads\/2025\/01\/460645197_3872761496302476_5921972018284429999_n-165x300.jpg 165w\" sizes=\"auto, (max-width: 528px) 100vw, 528px\" \/><\/figure>\n<\/figure>\n\n\n\n<p>Marzo 2024<\/p>\n\n\n\n<blockquote class=\"wp-block-quote is-layout-flow wp-block-quote-is-layout-flow\">\n<p>Il primo Tour italiano della <em>Kirizaki Japanese<\/em> <em>Classical Dance Academy &amp; Associates<\/em> di T\u014dky\u014d tocca Roma, Firenze, La Spezia e Sondrio, col patrocinio del Consolato Generale del Giappone in Italia, del Comune della Spezia e dell&#8217;Aikikai d&#8217;Italia, col contributo della Scuola Sportiva ELIS, dell&#8217;Associazione Centro Studi Aikido Dojo Nippon e del Coro Voci Sospese.<\/p>\n<\/blockquote>\n\n\n\n<p>Curiosi di sapere com&#8217;\u00e8 andata? <a href=\"https:\/\/kirizaki.it\/index.php\/eventi\/tour-2024\/\" data-type=\"page\" data-id=\"126\">Cliccate qui<\/a><\/p>\n\n\n\n<p>Vi auguriamo buona navigazione!<\/p>\n\n\n\n<p><\/p>\n","protected":false},"excerpt":{"rendered":"<p>La nostra storia inizia sabato 26 luglio 2014. Era una giornata decisamente afosa, il sole picchiava gagliardo quando, appena terminato il lavoro, sulla via del ritorno, qualcosa in lontananza colp\u00ec la mia attenzione. Rallentai gradatamente e, man mano che mi avvicinavo, notai un gruppo di persone che, con passo rapido, si affrettavano sotto il sole [&hellip;]<\/p>\n","protected":false},"author":1,"featured_media":0,"parent":0,"menu_order":0,"comment_status":"closed","ping_status":"open","template":"","meta":{"footnotes":""},"class_list":["post-2","page","type-page","status-publish","hentry"],"_links":{"self":[{"href":"https:\/\/kirizaki.it\/index.php\/wp-json\/wp\/v2\/pages\/2","targetHints":{"allow":["GET"]}}],"collection":[{"href":"https:\/\/kirizaki.it\/index.php\/wp-json\/wp\/v2\/pages"}],"about":[{"href":"https:\/\/kirizaki.it\/index.php\/wp-json\/wp\/v2\/types\/page"}],"author":[{"embeddable":true,"href":"https:\/\/kirizaki.it\/index.php\/wp-json\/wp\/v2\/users\/1"}],"replies":[{"embeddable":true,"href":"https:\/\/kirizaki.it\/index.php\/wp-json\/wp\/v2\/comments?post=2"}],"version-history":[{"count":3,"href":"https:\/\/kirizaki.it\/index.php\/wp-json\/wp\/v2\/pages\/2\/revisions"}],"predecessor-version":[{"id":274,"href":"https:\/\/kirizaki.it\/index.php\/wp-json\/wp\/v2\/pages\/2\/revisions\/274"}],"wp:attachment":[{"href":"https:\/\/kirizaki.it\/index.php\/wp-json\/wp\/v2\/media?parent=2"}],"curies":[{"name":"wp","href":"https:\/\/api.w.org\/{rel}","templated":true}]}}